{"id":7261,"date":"2026-03-26T18:30:52","date_gmt":"2026-03-26T16:30:52","guid":{"rendered":"https:\/\/momer.ch\/andise\/?post_type=product&#038;p=7261"},"modified":"2026-03-29T11:44:30","modified_gmt":"2026-03-29T09:44:30","slug":"aw-owl-snapback-flexfit-110-einfuehrungspreis-neu","status":"publish","type":"product","link":"https:\/\/momer.ch\/andise\/?product=aw-owl-snapback-flexfit-110-einfuehrungspreis-neu","title":{"rendered":"AW OWL SNAPBACK FLEXFIT 110   (Einf\u00fchrungspreis &#8211; NEU)"},"content":{"rendered":"<p>Schwarzes Snapback mit dem bedruckten Eulen-Emblem auf der Seite. Gr\u00f6sse verstellbar mit Klickverschluss aus Kunststoff. Zus\u00e4tzlich innerer Gummizug f\u00fcr Seitenhalt.<\/p>\n<p>&nbsp;<\/p>\n","protected":false},"excerpt":{"rendered":"<p>(NEU) Olivfarbenes 6 Panel Flexfit-Snapback mit dem bedruckten OWL Symbol Logo auf der Seite in weiss.<\/p>\n","protected":false},"featured_media":7262,"comment_status":"open","ping_status":"closed","template":"","meta":[],"product_cat":[39],"product_tag":[],"class_list":{"0":"post-7261","1":"product","2":"type-product","3":"status-publish","4":"has-post-thumbnail","6":"product_cat-caps","7":"product_shipping_class-paket","9":"first","10":"instock","11":"sale","12":"shipping-taxable","13":"purchasable","14":"product-type-simple"},"_links":{"self":[{"href":"https:\/\/momer.ch\/andise\/index.php?rest_route=\/wp\/v2\/product\/7261","targetHints":{"allow":["GET"]}}],"collection":[{"href":"https:\/\/momer.ch\/andise\/index.php?rest_route=\/wp\/v2\/product"}],"about":[{"href":"https:\/\/momer.ch\/andise\/index.php?rest_route=\/wp\/v2\/types\/product"}],"replies":[{"embeddable":true,"href":"https:\/\/momer.ch\/andise\/index.php?rest_route=%2Fwp%2Fv2%2Fcomments&post=7261"}],"wp:featuredmedia":[{"embeddable":true,"href":"https:\/\/momer.ch\/andise\/index.php?rest_route=\/wp\/v2\/media\/7262"}],"wp:attachment":[{"href":"https:\/\/momer.ch\/andise\/index.php?rest_route=%2Fwp%2Fv2%2Fmedia&parent=7261"}],"wp:term":[{"taxonomy":"product_cat","embeddable":true,"href":"https:\/\/momer.ch\/andise\/index.php?rest_route=%2Fwp%2Fv2%2Fproduct_cat&post=7261"},{"taxonomy":"product_tag","embeddable":true,"href":"https:\/\/momer.ch\/andise\/index.php?rest_route=%2Fwp%2Fv2%2Fproduct_tag&post=7261"}],"curies":[{"name":"wp","href":"https:\/\/api.w.org\/{rel}","templated":true}]}}