{"id":7091,"date":"2026-03-01T18:56:15","date_gmt":"2026-03-01T16:56:15","guid":{"rendered":"https:\/\/momer.ch\/andise\/?post_type=product&#038;p=7091"},"modified":"2026-03-03T14:13:04","modified_gmt":"2026-03-03T12:13:04","slug":"neu-aw-college-sport-grey","status":"publish","type":"product","link":"https:\/\/momer.ch\/andise\/?product=neu-aw-college-sport-grey","title":{"rendered":"AW COLLEGE GREY (NEU &#8211; EINF\u00dcHRUNGSPREIS)"},"content":{"rendered":"<p>GR\u00d6SSENINFO: ICH BIN 175 CM, CA 77 KG und Trage M<\/p>\n<p><strong>ALLGEMEINE INFOS:<\/strong><br \/>\n\u2022 Premium-Qualit\u00e4t<br \/>\n\u2022 Hochwertiger Stoff<br \/>\n\u2022 80 % Baumwolle \/ 20 % Polyester<br \/>\n\u2022 Bleibt auch nach dem Waschen in Premium-Qualit\u00e4t<br \/>\n\u2022 Bedruckt in der Schweiz von Mosillus \u2013 Farbdruck und Kleidungsst\u00fcck 100 % Oeko-Tex zertifiziert<\/p>\n<p><strong>WASCHEMPFEHLUNGEN:<\/strong><br \/>\n\u2022 Nicht chemisch reinigen<br \/>\n\u2022 Nicht im Trockner trocknen<br \/>\n\u2022 Schonw\u00e4sche\/Pflegeleicht 30 \u00b0C, \u00fcber den Druck b\u00fcgeln bis max. 110 \u00b0C<br \/>\n\u2022 Empfehlung: Links waschen wegen den metallischen Kn\u00f6pfen und bei niedriger Temperatur \u00fcber den Druck b\u00fcgeln<\/p>\n","protected":false},"excerpt":{"rendered":"<p>Einf\u00fchrungspreis 99.- CHF \/ ANTIWEAR\u00a9 College Jacke \u00a0mit schwarzem AW SPORT Emblem.<\/p>\n<p>&nbsp;<\/p>\n","protected":false},"featured_media":7098,"comment_status":"closed","ping_status":"closed","template":"","meta":[],"product_cat":[78,65],"product_tag":[],"class_list":{"0":"post-7091","1":"product","2":"type-product","3":"status-publish","4":"has-post-thumbnail","6":"product_cat-hoodie","7":"product_cat-antipimp","8":"product_shipping_class-paket","10":"first","11":"instock","12":"sale","13":"shipping-taxable","14":"purchasable","15":"product-type-variable","16":"has-default-attributes"},"_links":{"self":[{"href":"https:\/\/momer.ch\/andise\/index.php?rest_route=\/wp\/v2\/product\/7091","targetHints":{"allow":["GET"]}}],"collection":[{"href":"https:\/\/momer.ch\/andise\/index.php?rest_route=\/wp\/v2\/product"}],"about":[{"href":"https:\/\/momer.ch\/andise\/index.php?rest_route=\/wp\/v2\/types\/product"}],"replies":[{"embeddable":true,"href":"https:\/\/momer.ch\/andise\/index.php?rest_route=%2Fwp%2Fv2%2Fcomments&post=7091"}],"wp:featuredmedia":[{"embeddable":true,"href":"https:\/\/momer.ch\/andise\/index.php?rest_route=\/wp\/v2\/media\/7098"}],"wp:attachment":[{"href":"https:\/\/momer.ch\/andise\/index.php?rest_route=%2Fwp%2Fv2%2Fmedia&parent=7091"}],"wp:term":[{"taxonomy":"product_cat","embeddable":true,"href":"https:\/\/momer.ch\/andise\/index.php?rest_route=%2Fwp%2Fv2%2Fproduct_cat&post=7091"},{"taxonomy":"product_tag","embeddable":true,"href":"https:\/\/momer.ch\/andise\/index.php?rest_route=%2Fwp%2Fv2%2Fproduct_tag&post=7091"}],"curies":[{"name":"wp","href":"https:\/\/api.w.org\/{rel}","templated":true}]}}