{"id":6556,"date":"2025-04-30T16:31:19","date_gmt":"2025-04-30T14:31:19","guid":{"rendered":"https:\/\/momer.ch\/andise\/?post_type=product&#038;p=6556"},"modified":"2025-10-20T13:37:04","modified_gmt":"2025-10-20T11:37:04","slug":"aw-owl-snapback-blackngrey-neu","status":"publish","type":"product","link":"https:\/\/momer.ch\/andise\/?product=aw-owl-snapback-blackngrey-neu","title":{"rendered":"AW OWL SNAPBACK BlacknGrey 3D (NEU)"},"content":{"rendered":"<p>Premium Snapback mit dem bedruckten 3D AP Emblem auf der Front. Gr\u00f6sse verstellbar mit Klickverschluss aus Kunststoff. M\u00fctzendachunterseite Gr\u00fcn.<\/p>\n<p>Handw\u00e4sche. Max 30-40 Grad. Styletype:\u00a0Flat New School<\/p>\n","protected":false},"excerpt":{"rendered":"<p>(NEU) Graues 5 Panel Snapback mit dem bedruckten 3D Antiwear Symbol Logo auf der Front in Schwarz\/Weiss.<\/p>\n","protected":false},"featured_media":6561,"comment_status":"open","ping_status":"closed","template":"","meta":[],"product_cat":[39],"product_tag":[],"class_list":{"0":"post-6556","1":"product","2":"type-product","3":"status-publish","4":"has-post-thumbnail","6":"product_cat-caps","7":"product_shipping_class-paket","9":"first","10":"instock","11":"shipping-taxable","12":"purchasable","13":"product-type-simple"},"_links":{"self":[{"href":"https:\/\/momer.ch\/andise\/index.php?rest_route=\/wp\/v2\/product\/6556","targetHints":{"allow":["GET"]}}],"collection":[{"href":"https:\/\/momer.ch\/andise\/index.php?rest_route=\/wp\/v2\/product"}],"about":[{"href":"https:\/\/momer.ch\/andise\/index.php?rest_route=\/wp\/v2\/types\/product"}],"replies":[{"embeddable":true,"href":"https:\/\/momer.ch\/andise\/index.php?rest_route=%2Fwp%2Fv2%2Fcomments&post=6556"}],"wp:featuredmedia":[{"embeddable":true,"href":"https:\/\/momer.ch\/andise\/index.php?rest_route=\/wp\/v2\/media\/6561"}],"wp:attachment":[{"href":"https:\/\/momer.ch\/andise\/index.php?rest_route=%2Fwp%2Fv2%2Fmedia&parent=6556"}],"wp:term":[{"taxonomy":"product_cat","embeddable":true,"href":"https:\/\/momer.ch\/andise\/index.php?rest_route=%2Fwp%2Fv2%2Fproduct_cat&post=6556"},{"taxonomy":"product_tag","embeddable":true,"href":"https:\/\/momer.ch\/andise\/index.php?rest_route=%2Fwp%2Fv2%2Fproduct_tag&post=6556"}],"curies":[{"name":"wp","href":"https:\/\/api.w.org\/{rel}","templated":true}]}}