{"id":6336,"date":"2025-01-29T22:03:38","date_gmt":"2025-01-29T20:03:38","guid":{"rendered":"https:\/\/momer.ch\/andise\/?post_type=product&#038;p=6336"},"modified":"2025-10-14T10:39:37","modified_gmt":"2025-10-14T08:39:37","slug":"ap-flexfit-3d","status":"publish","type":"product","link":"https:\/\/momer.ch\/andise\/?product=ap-flexfit-3d","title":{"rendered":"(EINF\u00dcHRUNGSPREIS 2025) AW Flexfit double 3D Premium"},"content":{"rendered":"<p>5 Panel Flexfit Cap in 2 Gr\u00f6ssen mit dem bedruckten Antiwear 3D Emblem auf 2 Ebenen der Front. Gr\u00f6sse verstellbar mit dehnbarem Flexfit \u00a0(S-M oder L-XL)<\/p>\n<p>Handw\u00e4sche. Max 30-40 Grad. Styletype: Mixed.<\/p>\n","protected":false},"excerpt":{"rendered":"<p>ANTIWEAR\u00a9 Flexfit 5 Panel Cap mit weissem und grauem Dimension Druck.<\/p>\n<p>&nbsp;<\/p>\n","protected":false},"featured_media":6347,"comment_status":"closed","ping_status":"closed","template":"","meta":[],"product_cat":[65,39],"product_tag":[],"class_list":{"0":"post-6336","1":"product","2":"type-product","3":"status-publish","4":"has-post-thumbnail","6":"product_cat-antipimp","7":"product_cat-caps","8":"product_shipping_class-paket","10":"first","11":"instock","12":"sale","13":"shipping-taxable","14":"purchasable","15":"product-type-variable"},"_links":{"self":[{"href":"https:\/\/momer.ch\/andise\/index.php?rest_route=\/wp\/v2\/product\/6336","targetHints":{"allow":["GET"]}}],"collection":[{"href":"https:\/\/momer.ch\/andise\/index.php?rest_route=\/wp\/v2\/product"}],"about":[{"href":"https:\/\/momer.ch\/andise\/index.php?rest_route=\/wp\/v2\/types\/product"}],"replies":[{"embeddable":true,"href":"https:\/\/momer.ch\/andise\/index.php?rest_route=%2Fwp%2Fv2%2Fcomments&post=6336"}],"wp:featuredmedia":[{"embeddable":true,"href":"https:\/\/momer.ch\/andise\/index.php?rest_route=\/wp\/v2\/media\/6347"}],"wp:attachment":[{"href":"https:\/\/momer.ch\/andise\/index.php?rest_route=%2Fwp%2Fv2%2Fmedia&parent=6336"}],"wp:term":[{"taxonomy":"product_cat","embeddable":true,"href":"https:\/\/momer.ch\/andise\/index.php?rest_route=%2Fwp%2Fv2%2Fproduct_cat&post=6336"},{"taxonomy":"product_tag","embeddable":true,"href":"https:\/\/momer.ch\/andise\/index.php?rest_route=%2Fwp%2Fv2%2Fproduct_tag&post=6336"}],"curies":[{"name":"wp","href":"https:\/\/api.w.org\/{rel}","templated":true}]}}