{"id":5501,"date":"2024-06-20T20:29:29","date_gmt":"2024-06-20T18:29:29","guid":{"rendered":"https:\/\/momer.ch\/andise\/?post_type=product&#038;p=5501"},"modified":"2025-10-14T10:43:17","modified_gmt":"2025-10-14T08:43:17","slug":"neu-ap-keyless-sand","status":"publish","type":"product","link":"https:\/\/momer.ch\/andise\/?product=neu-ap-keyless-sand","title":{"rendered":"AW KEYLESS SAND"},"content":{"rendered":"<p>Sweater mit mehrfarbigem Druck.<\/p>\n<p><strong>ALLGEMEINE INFOS:<\/strong><br \/>\n\u2022 Fair produziert<br \/>\n\u2022 Premium-Qualit\u00e4t<br \/>\n\u2022 Hochwertiger Stoff<br \/>\n\u2022 80 % Baumwolle \/ 20 % Polyester<br \/>\n\u2022 Bleibt auch nach dem Waschen in Premium-Qualit\u00e4t<br \/>\n\u2022 Bedruckt in der Schweiz von Mosillus \u2013 Farbdruck und Kleidungsst\u00fcck 100 % Oeko-Tex zertifiziert<\/p>\n<p><strong>WASCHEMPFEHLUNGEN:<\/strong><br \/>\n\u2022 Nicht chemisch reinigen<br \/>\n\u2022 Nicht im Trockner trocknen<br \/>\n\u2022 Schonw\u00e4sche\/Pflegeleicht 30 \u00b0C, \u00fcber den Druck b\u00fcgeln bis max. 110 \u00b0C<br \/>\n\u2022 Generelle Empfehlung: Links waschen und bei niedriger Temperatur \u00fcber den Druck b\u00fcgeln<\/p>\n","protected":false},"excerpt":{"rendered":"<p>ANTIWEAR\u00a9 sandfarbener gem\u00fctlicher Sweater mit mehrfarbigem aufw\u00e4ndigem XXL Druck und AW Applikation auf dem \u00c4rmel.<\/p>\n<p><img loading=\"lazy\" decoding=\"async\" class=\" wp-image-5560\" src=\"https:\/\/momer.ch\/andise\/wp-content\/uploads\/2024\/06\/Antiwear-900x681.jpg\" alt=\"\" width=\"160\" height=\"121\" srcset=\"https:\/\/momer.ch\/andise\/wp-content\/uploads\/2024\/06\/Antiwear-900x681.jpg 900w, https:\/\/momer.ch\/andise\/wp-content\/uploads\/2024\/06\/Antiwear-800x605.jpg 800w, https:\/\/momer.ch\/andise\/wp-content\/uploads\/2024\/06\/Antiwear-768x581.jpg 768w, https:\/\/momer.ch\/andise\/wp-content\/uploads\/2024\/06\/Antiwear.jpg 1200w\" sizes=\"auto, (max-width: 160px) 100vw, 160px\" \/><\/p>\n","protected":false},"featured_media":5880,"comment_status":"closed","ping_status":"closed","template":"","meta":[],"product_cat":[40],"product_tag":[],"class_list":{"0":"post-5501","1":"product","2":"type-product","3":"status-publish","4":"has-post-thumbnail","6":"product_cat-sweater","7":"product_shipping_class-paket","9":"first","10":"instock","11":"shipping-taxable","12":"purchasable","13":"product-type-variable","14":"has-default-attributes"},"_links":{"self":[{"href":"https:\/\/momer.ch\/andise\/index.php?rest_route=\/wp\/v2\/product\/5501","targetHints":{"allow":["GET"]}}],"collection":[{"href":"https:\/\/momer.ch\/andise\/index.php?rest_route=\/wp\/v2\/product"}],"about":[{"href":"https:\/\/momer.ch\/andise\/index.php?rest_route=\/wp\/v2\/types\/product"}],"replies":[{"embeddable":true,"href":"https:\/\/momer.ch\/andise\/index.php?rest_route=%2Fwp%2Fv2%2Fcomments&post=5501"}],"wp:featuredmedia":[{"embeddable":true,"href":"https:\/\/momer.ch\/andise\/index.php?rest_route=\/wp\/v2\/media\/5880"}],"wp:attachment":[{"href":"https:\/\/momer.ch\/andise\/index.php?rest_route=%2Fwp%2Fv2%2Fmedia&parent=5501"}],"wp:term":[{"taxonomy":"product_cat","embeddable":true,"href":"https:\/\/momer.ch\/andise\/index.php?rest_route=%2Fwp%2Fv2%2Fproduct_cat&post=5501"},{"taxonomy":"product_tag","embeddable":true,"href":"https:\/\/momer.ch\/andise\/index.php?rest_route=%2Fwp%2Fv2%2Fproduct_tag&post=5501"}],"curies":[{"name":"wp","href":"https:\/\/api.w.org\/{rel}","templated":true}]}}