{"id":5148,"date":"2024-03-06T21:30:09","date_gmt":"2024-03-06T19:30:09","guid":{"rendered":"https:\/\/momer.ch\/andise\/?post_type=product&#038;p=5148"},"modified":"2026-03-02T11:49:28","modified_gmt":"2026-03-02T09:49:28","slug":"neu-ap-label-sand","status":"publish","type":"product","link":"https:\/\/momer.ch\/andise\/?product=neu-ap-label-sand","title":{"rendered":"AW LABEL SAND"},"content":{"rendered":"<p>Sweater mit weissem Druck \u2013 auf \u00c4rmel und Front. Unisex Sweater f\u00fcr M\u00e4nner und Frauen.<\/p>\n<p><strong>ALLGEMEINE INFOS:<\/strong><br \/>\n\u2022 Fair produziert<br \/>\n\u2022 Premium-Qualit\u00e4t<br \/>\n\u2022 Hochwertiger Stoff<br \/>\n\u2022 80 % Baumwolle \/ 20 % Polyester<br \/>\n\u2022 Bleibt auch nach dem Waschen in Premium-Qualit\u00e4t<br \/>\n\u2022 Bedruckt in der Schweiz von Mosillus \u2013 Farbdruck und Kleidungsst\u00fcck 100 % Oeko-Tex zertifiziert<\/p>\n<p><strong>WASCHEMPFEHLUNGEN:<\/strong><br \/>\n\u2022 Nicht chemisch reinigen<br \/>\n\u2022 Nicht im Trockner trocknen<br \/>\n\u2022 Schonw\u00e4sche\/Pflegeleicht 30 \u00b0C, \u00fcber den Druck b\u00fcgeln bis max. 110 \u00b0C<br \/>\n\u2022 Generelle Empfehlung: Links waschen und bei niedriger Temperatur \u00fcber den Druck b\u00fcgeln<\/p>\n<p>&nbsp;<\/p>\n","protected":false},"excerpt":{"rendered":"<p>Neuer AP Sweater mit weissem Druck.<\/p>\n","protected":false},"featured_media":5154,"comment_status":"closed","ping_status":"closed","template":"","meta":[],"product_cat":[65,40],"product_tag":[],"class_list":{"0":"post-5148","1":"product","2":"type-product","3":"status-publish","4":"has-post-thumbnail","6":"product_cat-antipimp","7":"product_cat-sweater","8":"product_shipping_class-paket","10":"first","11":"instock","12":"sale","13":"shipping-taxable","14":"purchasable","15":"product-type-variable","16":"has-default-attributes"},"_links":{"self":[{"href":"https:\/\/momer.ch\/andise\/index.php?rest_route=\/wp\/v2\/product\/5148","targetHints":{"allow":["GET"]}}],"collection":[{"href":"https:\/\/momer.ch\/andise\/index.php?rest_route=\/wp\/v2\/product"}],"about":[{"href":"https:\/\/momer.ch\/andise\/index.php?rest_route=\/wp\/v2\/types\/product"}],"replies":[{"embeddable":true,"href":"https:\/\/momer.ch\/andise\/index.php?rest_route=%2Fwp%2Fv2%2Fcomments&post=5148"}],"wp:featuredmedia":[{"embeddable":true,"href":"https:\/\/momer.ch\/andise\/index.php?rest_route=\/wp\/v2\/media\/5154"}],"wp:attachment":[{"href":"https:\/\/momer.ch\/andise\/index.php?rest_route=%2Fwp%2Fv2%2Fmedia&parent=5148"}],"wp:term":[{"taxonomy":"product_cat","embeddable":true,"href":"https:\/\/momer.ch\/andise\/index.php?rest_route=%2Fwp%2Fv2%2Fproduct_cat&post=5148"},{"taxonomy":"product_tag","embeddable":true,"href":"https:\/\/momer.ch\/andise\/index.php?rest_route=%2Fwp%2Fv2%2Fproduct_tag&post=5148"}],"curies":[{"name":"wp","href":"https:\/\/api.w.org\/{rel}","templated":true}]}}