{"id":4796,"date":"2023-09-27T11:13:03","date_gmt":"2023-09-27T09:13:03","guid":{"rendered":"https:\/\/momer.ch\/andise\/?post_type=product&#038;p=4796"},"modified":"2026-03-06T22:22:18","modified_gmt":"2026-03-06T20:22:18","slug":"30-jahre-buendner-rap-winterhoodie","status":"publish","type":"product","link":"https:\/\/momer.ch\/andise\/?product=30-jahre-buendner-rap-winterhoodie","title":{"rendered":"30 JAHRE B\u00dcNDNER RAP HOODIE"},"content":{"rendered":"<p>Hoodie mit Multicolor-Druck auf der Front. Unisex Sweater f\u00fcr M\u00e4nner und Frauen.<\/p>\n<p><strong>ALLGEMEINE INFOS:<\/strong><br \/>\n\u2022 Fair produziert<br \/>\n\u2022 Premium-Qualit\u00e4t<br \/>\n\u2022 Hochwertiger Stoff<br \/>\n\u2022 80 % Baumwolle \/ 20 % Polyester<br \/>\n\u2022 Bleibt auch nach dem Waschen in Premium-Qualit\u00e4t<br \/>\n\u2022 Bedruckt in der Schweiz von Mosillus \u2013 Farbdruck und Kleidungsst\u00fcck 100 % Oeko-Tex zertifiziert<\/p>\n<p><strong>WASCHEMPFEHLUNGEN:<\/strong><br \/>\n\u2022 Nicht chemisch reinigen<br \/>\n\u2022 Nicht im Trockner trocknen<br \/>\n\u2022 Schonw\u00e4sche\/Pflegeleicht 30 \u00b0C, \u00fcber den Druck b\u00fcgeln bis max. 110 \u00b0C<br \/>\n\u2022 Generelle Empfehlung: Links waschen und bei niedriger Temperatur \u00fcber den Druck b\u00fcgeln<\/p>\n","protected":false},"excerpt":{"rendered":"<p>Warmer Winterhodie mit 30 Jahre B\u00fcndner Rap Logo. Wird nicht mehr nachproduziert.<\/p>\n","protected":false},"featured_media":4804,"comment_status":"closed","ping_status":"closed","template":"","meta":[],"product_cat":[78],"product_tag":[],"class_list":{"0":"post-4796","1":"product","2":"type-product","3":"status-publish","4":"has-post-thumbnail","6":"product_cat-hoodie","7":"product_shipping_class-paket","9":"first","10":"instock","11":"sale","12":"shipping-taxable","13":"purchasable","14":"product-type-variable","15":"has-default-attributes"},"_links":{"self":[{"href":"https:\/\/momer.ch\/andise\/index.php?rest_route=\/wp\/v2\/product\/4796","targetHints":{"allow":["GET"]}}],"collection":[{"href":"https:\/\/momer.ch\/andise\/index.php?rest_route=\/wp\/v2\/product"}],"about":[{"href":"https:\/\/momer.ch\/andise\/index.php?rest_route=\/wp\/v2\/types\/product"}],"replies":[{"embeddable":true,"href":"https:\/\/momer.ch\/andise\/index.php?rest_route=%2Fwp%2Fv2%2Fcomments&post=4796"}],"wp:featuredmedia":[{"embeddable":true,"href":"https:\/\/momer.ch\/andise\/index.php?rest_route=\/wp\/v2\/media\/4804"}],"wp:attachment":[{"href":"https:\/\/momer.ch\/andise\/index.php?rest_route=%2Fwp%2Fv2%2Fmedia&parent=4796"}],"wp:term":[{"taxonomy":"product_cat","embeddable":true,"href":"https:\/\/momer.ch\/andise\/index.php?rest_route=%2Fwp%2Fv2%2Fproduct_cat&post=4796"},{"taxonomy":"product_tag","embeddable":true,"href":"https:\/\/momer.ch\/andise\/index.php?rest_route=%2Fwp%2Fv2%2Fproduct_tag&post=4796"}],"curies":[{"name":"wp","href":"https:\/\/api.w.org\/{rel}","templated":true}]}}