{"id":4269,"date":"2023-03-24T16:25:49","date_gmt":"2023-03-24T14:25:49","guid":{"rendered":"https:\/\/momer.ch\/andise\/?page_id=4269"},"modified":"2026-03-03T14:25:38","modified_gmt":"2026-03-03T12:25:38","slug":"impressum","status":"publish","type":"page","link":"https:\/\/momer.ch\/andise\/?page_id=4269","title":{"rendered":"\u00dcBER UNS"},"content":{"rendered":"\t\t<div data-elementor-type=\"wp-page\" data-elementor-id=\"4269\" class=\"elementor elementor-4269\">\n\t\t\t\t\t\t\t\t\t<section class=\"elementor-section elementor-top-section elementor-element elementor-element-3366095b elementor-section-boxed elementor-section-height-default elementor-section-height-default\" data-id=\"3366095b\" data-element_type=\"section\">\n\t\t\t\t\t\t<div class=\"elementor-container elementor-column-gap-default\">\n\t\t\t\t\t<div class=\"elementor-column elementor-col-100 elementor-top-column elementor-element elementor-element-424e231e\" data-id=\"424e231e\" data-element_type=\"column\">\n\t\t\t<div class=\"elementor-widget-wrap elementor-element-populated\">\n\t\t\t\t\t\t\t\t<div class=\"elementor-element elementor-element-605a76ea elementor-widget elementor-widget-text-editor\" data-id=\"605a76ea\" data-element_type=\"widget\" data-widget_type=\"text-editor.default\">\n\t\t\t\t<div class=\"elementor-widget-container\">\n\t\t\t<style>\/*! elementor - v3.11.5 - 14-03-2023 *\/\n.elementor-widget-text-editor.elementor-drop-cap-view-stacked .elementor-drop-cap{background-color:#818a91;color:#fff}.elementor-widget-text-editor.elementor-drop-cap-view-framed .elementor-drop-cap{color:#818a91;border:3px solid;background-color:transparent}.elementor-widget-text-editor:not(.elementor-drop-cap-view-default) .elementor-drop-cap{margin-top:8px}.elementor-widget-text-editor:not(.elementor-drop-cap-view-default) .elementor-drop-cap-letter{width:1em;height:1em}.elementor-widget-text-editor .elementor-drop-cap{float:left;text-align:center;line-height:1;font-size:50px}.elementor-widget-text-editor .elementor-drop-cap-letter{display:inline-block}<\/style>\t\t\t\t<!-- wp:paragraph {\"align\":\"center\",\"fontSize\":\"medium\"} -->\n<p><img loading=\"lazy\" decoding=\"async\" class=\"aligncenter wp-image-7121 \" src=\"https:\/\/momer.ch\/andise\/wp-content\/uploads\/2026\/03\/cropped-cropped-momer_gruen-scaled-1-1920x290.jpg\" alt=\"\" width=\"767\" height=\"116\" srcset=\"https:\/\/momer.ch\/andise\/wp-content\/uploads\/2026\/03\/cropped-cropped-momer_gruen-scaled-1-1920x290.jpg 1920w, https:\/\/momer.ch\/andise\/wp-content\/uploads\/2026\/03\/cropped-cropped-momer_gruen-scaled-1-900x136.jpg 900w, https:\/\/momer.ch\/andise\/wp-content\/uploads\/2026\/03\/cropped-cropped-momer_gruen-scaled-1-768x116.jpg 768w, https:\/\/momer.ch\/andise\/wp-content\/uploads\/2026\/03\/cropped-cropped-momer_gruen-scaled-1-1536x232.jpg 1536w, https:\/\/momer.ch\/andise\/wp-content\/uploads\/2026\/03\/cropped-cropped-momer_gruen-scaled-1-2048x310.jpg 2048w, https:\/\/momer.ch\/andise\/wp-content\/uploads\/2026\/03\/cropped-cropped-momer_gruen-scaled-1-800x121.jpg 800w\" sizes=\"auto, (max-width: 767px) 100vw, 767px\" \/><\/p>\n<p class=\"has-text-align-center has-medium-font-size\">UNSERE DRUCKPRODUKTE WERDEN VOLLST\u00c4NDIG IN UNSEREM EIGENEN BETRIEB IN DER SCHWEIZ GEFERTIGT. ALLE VORBEREITUNGSSTUFEN DER DRUCKPRODUKTION \u2013 VON DER ERSTELLUNG DER DRUCKDATEN UND FILME BIS HIN ZUR HERSTELLUNG VON SIEBEN UND FARBMISCHUNGEN ODER FLEXPLOTS \u2013 ERFOLGEN BEI UNS VOR ORT ODER BEI REGIONALEN PARTNERN. DADURCH SIND WIR UNABH\u00c4NGIG UND K\u00d6NNEN FLEXIBEL UND SCHNELL AUF KURZFRISTIGE AUFTR\u00c4GE REAGIEREN.<\/p>\n<!-- \/wp:paragraph --><!-- wp:paragraph {\"align\":\"center\",\"fontSize\":\"medium\"} -->\n<p class=\"has-text-align-center has-medium-font-size\">AUCH UNSERE PARTNERFIRMEN IM STICKBEREICH ARBEITEN AUSSCHLIESSLICH IN DER SCHWEIZ. DAS VERBRAUCHSMATERIALIEN WIRD EBENFALLS VON SCHWEIZER LIEFERANTEN BEZOGEN. MIT DIESEM ANSATZ WOLLEN WIR DIE LOKALE WIRTSCHAFT UNTERST\u00dcTZEN UND ST\u00c4RKEN.<\/p>\n<p class=\"has-text-align-center has-medium-font-size\"><img loading=\"lazy\" decoding=\"async\" width=\"308\" height=\"252\" class=\"wp-image-4827\" style=\"aspect-ratio: 1.2254901960784315; width: 80px; height: auto;\" src=\"https:\/\/momer.ch\/andise\/wp-content\/uploads\/2023\/09\/white.jpg\" alt=\"\" \/><\/p>\n<!-- \/wp:paragraph --><!-- wp:image {\"id\":4827,\"width\":\"80px\",\"height\":\"auto\",\"aspectRatio\":\"1.2254901960784315\",\"sizeSlug\":\"full\",\"linkDestination\":\"none\"} --><!-- \/wp:image --><!-- wp:paragraph {\"align\":\"center\",\"fontSize\":\"large\"} -->\n<p class=\"has-text-align-center has-large-font-size\"><strong>\u00dcBER UNS \/ WAS MACHT UNS ANDERS?<\/strong><\/p>\n<!-- \/wp:paragraph --><!-- wp:paragraph {\"align\":\"center\",\"fontSize\":\"medium\"} -->\n<p class=\"has-text-align-center has-medium-font-size\">WIR PRODUZIEREN DRUCKE INHOUSE UND AUF BESTELLUNG. DAMIT WIRD NICHT &#8220;NUR&#8221; DIE UMWELT GESCHONT, SONDERN WIR SPAREN AUCH RESSOURCEN. ES KANN DAHER TEILWEISE BIS ZU CA 7 TAGE LIEFERZEIT GEBEN, FALLS DAS PRODUKT NICHT MEHR AN LAGER IST.<\/p>\n<!-- \/wp:paragraph --><!-- wp:paragraph {\"align\":\"center\",\"fontSize\":\"medium\"} -->\n<p class=\"has-text-align-center has-medium-font-size\">PS: FALLS DU EIN EIGENES DESIGN DRUCKEN LASSEN WILLST, MELDE DICH DOCH BEI UNS PER MAIL (INFO(AT)MOSILLUS.COM) ODER GIB UNS EIN TEL UND WIR SCHAUEN, WAS WIR MACHEN K\u00d6NNEN. ANLIEFERUNG DRUCKDATEN: 210 X 300 MM (MAX), PNG, PSD, SVG, EPS IN CMYK UND IN 600 DPI.<\/p>\n<!-- \/wp:paragraph --><!-- wp:image {\"id\":4827,\"width\":\"80px\",\"height\":\"auto\",\"aspectRatio\":\"1.2254901960784315\",\"sizeSlug\":\"full\",\"linkDestination\":\"none\"} -->\n<figure class=\"wp-block-image size-full is-resized\"><img loading=\"lazy\" decoding=\"async\" width=\"308\" height=\"252\" class=\"wp-image-4827\" style=\"aspect-ratio: 1.2254901960784315; width: 80px; height: auto;\" src=\"https:\/\/momer.ch\/andise\/wp-content\/uploads\/2023\/09\/white.jpg\" alt=\"\" \/><\/figure>\n<!-- \/wp:image --><!-- wp:paragraph {\"align\":\"center\",\"style\":{\"typography\":{\"fontStyle\":\"normal\",\"fontWeight\":\"500\",\"letterSpacing\":\"1.2px\",\"textTransform\":\"uppercase\"}},\"fontSize\":\"large\"} -->\n<p class=\"has-text-align-center has-large-font-size\" style=\"font-style: normal; font-weight: 500; letter-spacing: 1.2px; text-transform: uppercase;\"><strong>FAIR ZU MENSCH UND UMWELT?<\/strong><\/p>\n<!-- \/wp:paragraph --><!-- wp:paragraph {\"align\":\"center\",\"style\":{\"typography\":{\"fontSize\":\"19px\",\"fontStyle\":\"normal\",\"fontWeight\":\"500\",\"letterSpacing\":\"1.2px\",\"textTransform\":\"uppercase\"}}} -->\n<p class=\"has-text-align-center\" style=\"font-size: 19px; font-style: normal; font-weight: 500; letter-spacing: 1.2px; text-transform: uppercase;\">Die Meisten unserer Produkte sind mit einem Kleiderlabel das der FAIR WEAR FOUNDATION angeh\u00f6rt produziert. DIE DRUCKE WERDEN AUSSCHLIESSLICH IN DER SCHWEIZ PRODUZIERT UND ALLE UNSERE TRANSFER DRUCKE SIND 100% \u00d6KO-TEX ZERTIFIZIERT.<\/p>\n<!-- \/wp:paragraph --><!-- wp:image {\"id\":4806,\"width\":\"232px\",\"height\":\"104px\",\"sizeSlug\":\"full\",\"linkDestination\":\"none\",\"align\":\"center\"} -->\n<figure class=\"wp-block-image aligncenter size-full is-resized\"><img loading=\"lazy\" decoding=\"async\" width=\"1200\" height=\"540\" class=\"wp-image-4806\" style=\"width: 232px; height: 104px;\" src=\"https:\/\/momer.ch\/andise\/wp-content\/uploads\/2023\/09\/FairWear-logo.svg_.png\" alt=\"\" srcset=\"https:\/\/momer.ch\/andise\/wp-content\/uploads\/2023\/09\/FairWear-logo.svg_.png 1200w, https:\/\/momer.ch\/andise\/wp-content\/uploads\/2023\/09\/FairWear-logo.svg_-800x360.png 800w, https:\/\/momer.ch\/andise\/wp-content\/uploads\/2023\/09\/FairWear-logo.svg_-900x405.png 900w, https:\/\/momer.ch\/andise\/wp-content\/uploads\/2023\/09\/FairWear-logo.svg_-768x346.png 768w\" sizes=\"auto, (max-width: 1200px) 100vw, 1200px\" \/><\/figure>\n<!-- \/wp:image --><!-- wp:image {\"id\":4827,\"width\":\"80px\",\"height\":\"auto\",\"aspectRatio\":\"1.2254901960784315\",\"sizeSlug\":\"full\",\"linkDestination\":\"none\"} -->\n<figure class=\"wp-block-image size-full is-resized\"><img loading=\"lazy\" decoding=\"async\" width=\"308\" height=\"252\" class=\"wp-image-4827\" style=\"aspect-ratio: 1.2254901960784315; width: 80px; height: auto;\" src=\"https:\/\/momer.ch\/andise\/wp-content\/uploads\/2023\/09\/white.jpg\" alt=\"\" \/><\/figure>\n<!-- \/wp:image --><!-- wp:paragraph {\"align\":\"center\",\"style\":{\"typography\":{\"fontStyle\":\"normal\",\"fontWeight\":\"500\",\"letterSpacing\":\"1.2px\",\"textTransform\":\"uppercase\"}},\"fontSize\":\"large\"} -->\n<p class=\"has-text-align-center has-large-font-size\" style=\"font-style: normal; font-weight: 500; letter-spacing: 1.2px; text-transform: uppercase;\"><strong>WER IST MOMERCH UND SONSTIGE INFOS ?<\/strong><\/p>\n<!-- \/wp:paragraph --><!-- wp:paragraph {\"align\":\"center\",\"style\":{\"typography\":{\"fontSize\":\"19px\",\"fontStyle\":\"normal\",\"fontWeight\":\"500\",\"letterSpacing\":\"1.2px\",\"textTransform\":\"uppercase\"}}} -->\n<p class=\"has-text-align-center\" style=\"font-size: 19px; font-style: normal; font-weight: 500; letter-spacing: 1.2px; text-transform: uppercase;\">Manchmal DURCHFORSTEN WIR BROCKENH\u00c4USERN UM UNVERSEHRTE &amp; UNBEDRUCKTE SHIRTS\/ HOODIES ZU RETTEN\/FINDEN, WELCHE WIR ANSCHLIESSEND BEDRUCKEN K\u00d6NNEN. DIESE PRODUKTE SIND JEWEILS MIT &#8220;VINTAGE&#8221; DEKLARIERT. DER SHOP MOMERCH IST EIN BRAND VON MOSILLUS MEDIA. FALLS DU MIT DEM KLEIDUNGSST\u00dcCK(EN) NICHT ZUFRIEDEN BIST ODER DIR DAS KLEIDUNGSST\u00dcCK NICHT PASST, GEBEN WIR DIR EIN 7 T\u00c4GIGES WIEDERRUFSRECHT. DIE ENTSTANDENEN VERSANDKOSTEN GEHEN ZU LASTEN DES KUNDEN.<\/p>\n<!-- \/wp:paragraph --><!-- wp:paragraph {\"align\":\"center\",\"fontSize\":\"woostify-heading-6\"} -->\n<p class=\"has-text-align-center has-woostify-heading-6-font-size\">MO MERCH BY MOSILLUS MEDIA<br \/>BUCHWALDSTRASSE 11<br \/>CH 7312 PF\u00c4FERS<br \/>TEL: 077 226 00 66<br \/>MAIL: MAIL@MOMER.CH<\/p>\n<!-- \/wp:paragraph --><!-- wp:image {\"lightbox\":{\"enabled\":false},\"id\":5115,\"width\":\"423px\",\"height\":\"auto\",\"sizeSlug\":\"full\",\"linkDestination\":\"custom\",\"align\":\"center\"} -->\n<figure class=\"wp-block-image aligncenter size-full is-resized\"><a href=\"https:\/\/mosill.us\"><img loading=\"lazy\" decoding=\"async\" width=\"981\" height=\"209\" class=\"wp-image-5115\" style=\"width: 423px; height: auto;\" src=\"https:\/\/momer.ch\/andise\/wp-content\/uploads\/2024\/03\/Mosill.jpg\" alt=\"\" srcset=\"https:\/\/momer.ch\/andise\/wp-content\/uploads\/2024\/03\/Mosill.jpg 981w, https:\/\/momer.ch\/andise\/wp-content\/uploads\/2024\/03\/Mosill-800x170.jpg 800w, https:\/\/momer.ch\/andise\/wp-content\/uploads\/2024\/03\/Mosill-900x192.jpg 900w, https:\/\/momer.ch\/andise\/wp-content\/uploads\/2024\/03\/Mosill-768x164.jpg 768w\" sizes=\"auto, (max-width: 981px) 100vw, 981px\" \/><\/a><\/figure>\n<!-- \/wp:image --><!-- wp:paragraph {\"align\":\"center\",\"style\":{\"typography\":{\"fontSize\":\"13px\",\"fontStyle\":\"normal\",\"fontWeight\":\"500\",\"textTransform\":\"uppercase\",\"letterSpacing\":\"0.5px\"}}} -->\n<p class=\"has-text-align-center\" style=\"font-size: 13px; font-style: normal; font-weight: 500; letter-spacing: 0.5px; text-transform: uppercase;\">Es gelten die AGBs von MOSILLUS.COM welche <strong><em><a href=\"https:\/\/mosillus.com\/daten\/mosillus_agb_v4.pdf\">hier<\/a><\/em><\/strong> eingesehen werden k\u00f6nnen. Das Impressum findet ihr <strong><em><a href=\"https:\/\/mosillus.com\/go\/index.php\/impressum\/\" data-type=\"link\" data-id=\"https:\/\/mosillus.com\/go\/index.php\/impressum\/\">hier<\/a><\/em><\/strong>.<\/p>\n<!-- \/wp:paragraph -->\t\t\t\t\t\t<\/div>\n\t\t\t\t<\/div>\n\t\t\t\t\t<\/div>\n\t\t<\/div>\n\t\t\t\t\t\t\t<\/div>\n\t\t<\/section>\n\t\t\t\t\t\t\t<\/div>\n\t\t","protected":false},"excerpt":{"rendered":"<p>UNSERE DRUCKPRODUKTE WERDEN VOLLST\u00c4NDIG IN UNSEREM EIGENEN BETRIEB IN DER SCHWEIZ GEFERTIGT. ALLE VORBEREITUNGSSTUFEN DER DRUCKPRODUKTION \u2013 VON DER ERSTELLUNG DER DRUCKDATEN UND FILME BIS HIN ZUR HERSTELLUNG VON SIEBEN UND FARBMISCHUNGEN ODER FLEXPLOTS \u2013 ERFOLGEN BEI UNS VOR ORT ODER BEI REGIONALEN PARTNERN. DADURCH SIND WIR UNABH\u00c4NGIG UND K\u00d6NNEN FLEXIBEL UND SCHNELL AUF KURZFRISTIGE<a class=\"more-link\" href=\"https:\/\/momer.ch\/andise\/?page_id=4269\">Read more  &#10230;<\/a><\/p>\n","protected":false},"author":1,"featured_media":0,"parent":0,"menu_order":0,"comment_status":"closed","ping_status":"closed","template":"","meta":{"footnotes":""},"class_list":["post-4269","page","type-page","status-publish","hentry"],"_links":{"self":[{"href":"https:\/\/momer.ch\/andise\/index.php?rest_route=\/wp\/v2\/pages\/4269","targetHints":{"allow":["GET"]}}],"collection":[{"href":"https:\/\/momer.ch\/andise\/index.php?rest_route=\/wp\/v2\/pages"}],"about":[{"href":"https:\/\/momer.ch\/andise\/index.php?rest_route=\/wp\/v2\/types\/page"}],"author":[{"embeddable":true,"href":"https:\/\/momer.ch\/andise\/index.php?rest_route=\/wp\/v2\/users\/1"}],"replies":[{"embeddable":true,"href":"https:\/\/momer.ch\/andise\/index.php?rest_route=%2Fwp%2Fv2%2Fcomments&post=4269"}],"version-history":[{"count":149,"href":"https:\/\/momer.ch\/andise\/index.php?rest_route=\/wp\/v2\/pages\/4269\/revisions"}],"predecessor-version":[{"id":7132,"href":"https:\/\/momer.ch\/andise\/index.php?rest_route=\/wp\/v2\/pages\/4269\/revisions\/7132"}],"wp:attachment":[{"href":"https:\/\/momer.ch\/andise\/index.php?rest_route=%2Fwp%2Fv2%2Fmedia&parent=4269"}],"curies":[{"name":"wp","href":"https:\/\/api.w.org\/{rel}","templated":true}]}}