{"id":4,"date":"2020-11-19T03:53:51","date_gmt":"2020-11-19T03:53:51","guid":{"rendered":"https:\/\/demo.woostify.com\/fashion1\/shop\/"},"modified":"2025-01-14T01:17:08","modified_gmt":"2025-01-13T23:17:08","slug":"shop-2","status":"publish","type":"page","link":"https:\/\/momer.ch\/andise\/?page_id=4","title":{"rendered":"SHOP"},"content":{"rendered":"\n<p class=\"has-text-align-center has-woostify-heading-4-font-size\"><strong>WAS MACHT UNS ANDERS?<\/strong><\/p>\n\n\n<div class=\"wp-block-image\">\n<figure class=\"aligncenter size-full is-resized\"><img loading=\"lazy\" decoding=\"async\" width=\"590\" height=\"120\" src=\"https:\/\/momer.ch\/andise\/wp-content\/uploads\/2023\/08\/Bildschirmfoto-2023-08-18-um-10.32.46.png\" alt=\"\" class=\"wp-image-4582\" style=\"width:187px;height:38px\"\/><\/figure>\n<\/div>\n\n\n<p class=\"has-text-align-center\" style=\"font-size:19px;font-style:normal;font-weight:500;letter-spacing:0.5px;text-transform:uppercase\">Wir produzieren alle Drucke Inhouse und auf Bestellung. Damit wird nicht &#8220;nur&#8221; die Umwelt geschont, sondern wir sparen auch Ressourcen. Es kann daher bis zu 5 BIS MAX. 12 Tage Lieferzeit geben.<\/p>\n\n\n\n<p class=\"has-text-align-center\" style=\"font-size:19px;font-style:normal;font-weight:500;letter-spacing:0.5px;text-transform:uppercase\">Falls DU f\u00fcr dein Merchandise einen Vertrieb suchst oder ein eigenes Design drucken lassen willst, melde Dich doch bei uns per MAIL oder TEL und wir MACHEN DIR EIN GUTES ANGEBOT f\u00fcr produkte MIT EINER QUALIT\u00c4T DIE DICH \u00dcBERZEUGEN WIRD. Anlieferung Druckdaten: 210 x 300 mm (max), PNG, PSD, SVG, EPS in CMYK und in 600 DPI.<\/p>\n\n\n\n<p class=\"has-text-align-center\" style=\"font-size:19px;font-style:normal;font-weight:500;letter-spacing:0.5px;text-transform:uppercase\">Es gelten die AGBs von MOSILLUS.COM welche <strong><em><a href=\"https:\/\/mosillus.com\/daten\/mosillus_agb_v4.pdf\">hier<\/a><\/em><\/strong> eingesehen werden k\u00f6nnen. Das Impressum findet ihr <strong><em><a href=\"https:\/\/mosillus.com\/go\/index.php\/impressum\/\" data-type=\"link\" data-id=\"https:\/\/mosillus.com\/go\/index.php\/impressum\/\">hier<\/a><\/em><\/strong>.<\/p>\n\n\n\n<hr class=\"wp-block-separator has-alpha-channel-opacity\"\/>\n\n\n\n<figure class=\"wp-block-image size-full is-resized\"><img loading=\"lazy\" decoding=\"async\" width=\"308\" height=\"252\" src=\"https:\/\/momer.ch\/andise\/wp-content\/uploads\/2023\/09\/white.jpg\" alt=\"\" class=\"wp-image-4827\" style=\"width:125px;height:102px\"\/><\/figure>\n\n\n\n<p class=\"has-text-align-center has-woostify-heading-4-font-size\" style=\"font-style:normal;font-weight:500;letter-spacing:1.2px;text-transform:uppercase\"><strong>FAIR ZU MENSCH UND UMWELT?<\/strong><\/p>\n\n\n\n<p class=\"has-text-align-center\" style=\"font-size:19px;font-style:normal;font-weight:500;letter-spacing:1.2px;text-transform:uppercase\">Die Meisten unserer Produkte\/TEXTILIEN TRAGEN DAS LABEL DER <em><strong>FAIR WEAR FONDATION<\/strong><\/em> UND SIND AUS MIN. 80 % BAUMWOLLE sowie max 20 % RecycelteM Polyester. DIE DRUCKE WERDEN AUSSCHLIESSLICH IN DER SCHWEIZ PRODUZIERT UND PRAKTISCH ALLE UNSERE DIGITALEN DRUCKE SIND 100% \u00d6KO-TEX ZERTIFIZIERT.<\/p>\n\n\n<div class=\"wp-block-image\">\n<figure class=\"aligncenter size-full is-resized\"><img loading=\"lazy\" decoding=\"async\" width=\"1200\" height=\"540\" src=\"https:\/\/momer.ch\/andise\/wp-content\/uploads\/2023\/09\/FairWear-logo.svg_.png\" alt=\"\" class=\"wp-image-4806\" style=\"width:232px;height:104px\" srcset=\"https:\/\/momer.ch\/andise\/wp-content\/uploads\/2023\/09\/FairWear-logo.svg_.png 1200w, https:\/\/momer.ch\/andise\/wp-content\/uploads\/2023\/09\/FairWear-logo.svg_-800x360.png 800w, https:\/\/momer.ch\/andise\/wp-content\/uploads\/2023\/09\/FairWear-logo.svg_-900x405.png 900w, https:\/\/momer.ch\/andise\/wp-content\/uploads\/2023\/09\/FairWear-logo.svg_-768x346.png 768w\" sizes=\"auto, (max-width: 1200px) 100vw, 1200px\" \/><\/figure>\n<\/div>\n\n\n<hr class=\"wp-block-separator has-alpha-channel-opacity\"\/>\n\n\n\n<figure class=\"wp-block-image size-full is-resized\"><img loading=\"lazy\" decoding=\"async\" width=\"308\" height=\"252\" src=\"https:\/\/momer.ch\/andise\/wp-content\/uploads\/2023\/09\/white.jpg\" alt=\"\" class=\"wp-image-4827\" style=\"width:125px;height:102px\"\/><\/figure>\n\n\n\n<p class=\"has-text-align-center has-woostify-heading-4-font-size\"><strong>MO MERCH by MOSILLUS<\/strong><\/p>\n\n\n\n<p class=\"has-text-align-center\" style=\"font-size:19px\">MOSILLUS MEDIA<br>BUCHWALDSTRASSE 11<br>CH 7312 PF\u00c4FERS<br>TEL: 077 226 00 66<br>MAIL: MAIL@MOMER.CH<\/p>\n\n\n<div class=\"wp-block-image\">\n<figure class=\"aligncenter size-full is-resized\"><img loading=\"lazy\" decoding=\"async\" width=\"2222\" height=\"516\" src=\"https:\/\/momer.ch\/andise\/wp-content\/uploads\/2023\/03\/Bildschirm\u00adfoto-2023-03-24-um-15.26.04.png\" alt=\"\" class=\"wp-image-4271\" style=\"width:496px;height:115px\" srcset=\"https:\/\/momer.ch\/andise\/wp-content\/uploads\/2023\/03\/Bildschirm\u00adfoto-2023-03-24-um-15.26.04.png 2222w, https:\/\/momer.ch\/andise\/wp-content\/uploads\/2023\/03\/Bildschirm\u00adfoto-2023-03-24-um-15.26.04-800x186.png 800w, https:\/\/momer.ch\/andise\/wp-content\/uploads\/2023\/03\/Bildschirm\u00adfoto-2023-03-24-um-15.26.04-900x209.png 900w, https:\/\/momer.ch\/andise\/wp-content\/uploads\/2023\/03\/Bildschirm\u00adfoto-2023-03-24-um-15.26.04-768x178.png 768w, https:\/\/momer.ch\/andise\/wp-content\/uploads\/2023\/03\/Bildschirm\u00adfoto-2023-03-24-um-15.26.04-1536x357.png 1536w, https:\/\/momer.ch\/andise\/wp-content\/uploads\/2023\/03\/Bildschirm\u00adfoto-2023-03-24-um-15.26.04-2048x476.png 2048w\" sizes=\"auto, (max-width: 2222px) 100vw, 2222px\" \/><\/figure>\n<\/div>","protected":false},"excerpt":{"rendered":"<p>WAS MACHT UNS ANDERS? Wir produzieren alle Drucke Inhouse und auf Bestellung. Damit wird nicht &#8220;nur&#8221; die Umwelt geschont, sondern wir sparen auch Ressourcen. Es kann daher bis zu 5 BIS MAX. 12 Tage Lieferzeit geben. Falls DU f\u00fcr dein Merchandise einen Vertrieb suchst oder ein eigenes Design drucken lassen willst, melde Dich doch bei<a class=\"more-link\" href=\"https:\/\/momer.ch\/andise\/?page_id=4\">Read more  &#10230;<\/a><\/p>\n","protected":false},"author":1,"featured_media":0,"parent":0,"menu_order":0,"comment_status":"closed","ping_status":"closed","template":"","meta":{"footnotes":""},"class_list":["post-4","page","type-page","status-publish","hentry"],"_links":{"self":[{"href":"https:\/\/momer.ch\/andise\/index.php?rest_route=\/wp\/v2\/pages\/4","targetHints":{"allow":["GET"]}}],"collection":[{"href":"https:\/\/momer.ch\/andise\/index.php?rest_route=\/wp\/v2\/pages"}],"about":[{"href":"https:\/\/momer.ch\/andise\/index.php?rest_route=\/wp\/v2\/types\/page"}],"author":[{"embeddable":true,"href":"https:\/\/momer.ch\/andise\/index.php?rest_route=\/wp\/v2\/users\/1"}],"replies":[{"embeddable":true,"href":"https:\/\/momer.ch\/andise\/index.php?rest_route=%2Fwp%2Fv2%2Fcomments&post=4"}],"version-history":[{"count":23,"href":"https:\/\/momer.ch\/andise\/index.php?rest_route=\/wp\/v2\/pages\/4\/revisions"}],"predecessor-version":[{"id":6255,"href":"https:\/\/momer.ch\/andise\/index.php?rest_route=\/wp\/v2\/pages\/4\/revisions\/6255"}],"wp:attachment":[{"href":"https:\/\/momer.ch\/andise\/index.php?rest_route=%2Fwp%2Fv2%2Fmedia&parent=4"}],"curies":[{"name":"wp","href":"https:\/\/api.w.org\/{rel}","templated":true}]}}